{"id":1972,"date":"2023-11-07T11:44:39","date_gmt":"2023-11-07T10:44:39","guid":{"rendered":"https:\/\/rr-fischer.com\/about-us\/"},"modified":"2024-12-10T12:16:24","modified_gmt":"2024-12-10T11:16:24","slug":"about-us","status":"publish","type":"page","link":"https:\/\/rr-fischer.com\/en\/about-us\/","title":{"rendered":"About us"},"content":{"rendered":"\n<style type=\"text\/css\" data-created_by=\"avia_inline_auto\" id=\"style-css-av-2bio0-a2a4873a7a7d34c369083655f25b25ca\">\n.avia-section.av-2bio0-a2a4873a7a7d34c369083655f25b25ca .av-parallax .av-parallax-inner{\nbackground-repeat:no-repeat;\nbackground-image:url(https:\/\/rr-fischer.com\/wp-content\/uploads\/2023\/11\/DUMMY_Broschuere_RR-Fischer_Seite-1-1.jpg);\nbackground-position:50% 50%;\nbackground-attachment:scroll;\n}\n<\/style>\n<div id='av_section_1'  class='avia-section av-2bio0-a2a4873a7a7d34c369083655f25b25ca main_color avia-section-no-padding avia-no-border-styling  avia-builder-el-0  el_before_av_section  avia-builder-el-first  rrf-color-section avia-full-stretch av-parallax-section avia-bg-style-parallax av-minimum-height av-minimum-height-50 av-height-50  container_wrap fullsize'  data-section-bg-repeat='stretch' data-av_minimum_height_pc='50' data-av_min_height_opt='50'><div class='av-parallax' data-avia-parallax-ratio='0.3' ><div class='av-parallax-inner main_color avia-full-stretch'><\/div><\/div><div class='container av-section-cont-open' ><main  role=\"main\" itemprop=\"mainContentOfPage\"  class='template-page content  av-content-full alpha units'><div class='post-entry post-entry-type-page post-entry-1972'><div class='entry-content-wrapper clearfix'>\n\n<style type=\"text\/css\" data-created_by=\"avia_inline_auto\" id=\"style-css-av-1dumo-71a3d18feae668ab56c2da7eeefba3a3\">\n#top .flex_column.av-1dumo-71a3d18feae668ab56c2da7eeefba3a3{\nmargin-top:150px;\nmargin-bottom:40px;\n}\n.flex_column.av-1dumo-71a3d18feae668ab56c2da7eeefba3a3{\npadding:0 0 0 0;\n}\n.responsive #top #wrap_all .flex_column.av-1dumo-71a3d18feae668ab56c2da7eeefba3a3{\nmargin-top:150px;\nmargin-bottom:40px;\n}\n<\/style>\n<div  class='flex_column av-1dumo-71a3d18feae668ab56c2da7eeefba3a3 av_one_full  avia-builder-el-1  el_before_av_one_full  avia-builder-el-first  first no_margin flex_column_div av-zero-column-padding  '     ><\/div>\n<style type=\"text\/css\" data-created_by=\"avia_inline_auto\" id=\"style-css-av-p140-b7c290d8d955b02d0407543019a75c3e\">\n#top .flex_column.av-p140-b7c290d8d955b02d0407543019a75c3e{\nmargin-top:0;\nmargin-bottom:20px;\n}\n.flex_column.av-p140-b7c290d8d955b02d0407543019a75c3e{\npadding:0 0 0 0;\n}\n.responsive #top #wrap_all .flex_column.av-p140-b7c290d8d955b02d0407543019a75c3e{\nmargin-top:0;\nmargin-bottom:20px;\n}\n<\/style>\n<div  class='flex_column av-p140-b7c290d8d955b02d0407543019a75c3e av_one_full  avia-builder-el-2  el_after_av_one_full  avia-builder-el-last  first no_margin flex_column_div av-zero-column-padding  column-top-margin'     ><style type=\"text\/css\" data-created_by=\"avia_inline_auto\" id=\"style-css-av-lp6udz9t-53bf09cfcb9736dfd317fada7f348d0d\">\n#top .av-special-heading.av-lp6udz9t-53bf09cfcb9736dfd317fada7f348d0d{\npadding-bottom:10px;\ncolor:#ededed;\nfont-size:3vw;\n}\nbody .av-special-heading.av-lp6udz9t-53bf09cfcb9736dfd317fada7f348d0d .av-special-heading-tag .heading-char{\nfont-size:25px;\n}\n#top #wrap_all .av-special-heading.av-lp6udz9t-53bf09cfcb9736dfd317fada7f348d0d .av-special-heading-tag{\nfont-size:3vw;\n}\n.av-special-heading.av-lp6udz9t-53bf09cfcb9736dfd317fada7f348d0d .special-heading-inner-border{\nborder-color:#ededed;\n}\n.av-special-heading.av-lp6udz9t-53bf09cfcb9736dfd317fada7f348d0d .av-subheading{\nfont-size:15px;\n}\n\n@media only screen and (min-width: 480px) and (max-width: 767px){ \n#top #wrap_all .av-special-heading.av-lp6udz9t-53bf09cfcb9736dfd317fada7f348d0d .av-special-heading-tag{\nfont-size:0.8em;\n}\n}\n\n@media only screen and (max-width: 479px){ \n#top #wrap_all .av-special-heading.av-lp6udz9t-53bf09cfcb9736dfd317fada7f348d0d .av-special-heading-tag{\nfont-size:0.8em;\n}\n}\n<\/style>\n<div  class='av-special-heading av-lp6udz9t-53bf09cfcb9736dfd317fada7f348d0d av-special-heading-h1 custom-color-heading blockquote modern-quote  avia-builder-el-3  avia-builder-el-no-sibling  av-inherit-size'><h1 class='av-special-heading-tag '  itemprop=\"headline\"  >About us<\/h1><div class=\"special-heading-border\"><div class=\"special-heading-inner-border\"><\/div><\/div><\/div><\/div>\n\n<\/div><\/div><\/main><!-- close content main element --><\/div><\/div><div id='av_section_2'  class='avia-section av-xdhw-e43eb9600eb65e783a99848e9bccb8de main_color avia-section-default avia-no-border-styling  avia-builder-el-4  el_after_av_section  el_before_av_section  avia-bg-style-scroll container_wrap fullsize'  ><div class='container av-section-cont-open' ><div class='template-page content  av-content-full alpha units'><div class='post-entry post-entry-type-page post-entry-1972'><div class='entry-content-wrapper clearfix'>\n\n<style type=\"text\/css\" data-created_by=\"avia_inline_auto\" id=\"style-css-av-mmjc-82ba0bcb3bbb8ac14de9b58be6b5a41c\">\n#top .av-special-heading.av-mmjc-82ba0bcb3bbb8ac14de9b58be6b5a41c{\nmargin:30px 0 30px 0;\npadding-bottom:10px;\ncolor:#ef8c31;\nfont-size:34px;\n}\nbody .av-special-heading.av-mmjc-82ba0bcb3bbb8ac14de9b58be6b5a41c .av-special-heading-tag .heading-char{\nfont-size:25px;\n}\n#top #wrap_all .av-special-heading.av-mmjc-82ba0bcb3bbb8ac14de9b58be6b5a41c .av-special-heading-tag{\nfont-size:34px;\n}\n.av-special-heading.av-mmjc-82ba0bcb3bbb8ac14de9b58be6b5a41c .special-heading-inner-border{\nborder-color:#ef8c31;\n}\n.av-special-heading.av-mmjc-82ba0bcb3bbb8ac14de9b58be6b5a41c .av-subheading{\nfont-size:15px;\n}\n\n@media only screen and (min-width: 480px) and (max-width: 767px){ \n#top #wrap_all .av-special-heading.av-mmjc-82ba0bcb3bbb8ac14de9b58be6b5a41c .av-special-heading-tag{\nfont-size:0.8em;\n}\n}\n\n@media only screen and (max-width: 479px){ \n#top #wrap_all .av-special-heading.av-mmjc-82ba0bcb3bbb8ac14de9b58be6b5a41c .av-special-heading-tag{\nfont-size:0.8em;\n}\n}\n<\/style>\n<div  class='av-special-heading av-mmjc-82ba0bcb3bbb8ac14de9b58be6b5a41c av-special-heading-h2 custom-color-heading blockquote modern-quote  avia-builder-el-5  el_before_av_one_full  avia-builder-el-first  av-inherit-size'><h2 class='av-special-heading-tag '  itemprop=\"headline\"  >RR Fischer<\/h2><div class=\"special-heading-border\"><div class=\"special-heading-inner-border\"><\/div><\/div><\/div>\n\n<style type=\"text\/css\" data-created_by=\"avia_inline_auto\" id=\"style-css-av-82qb8-0965787643044d59c6b9e801031260cd\">\n#top .flex_column.av-82qb8-0965787643044d59c6b9e801031260cd{\nmargin-top:0px;\nmargin-bottom:0px;\n}\n.responsive #top #wrap_all .flex_column.av-82qb8-0965787643044d59c6b9e801031260cd{\nmargin-top:0px;\nmargin-bottom:0px;\n}\n<\/style>\n<div  class='flex_column av-82qb8-0965787643044d59c6b9e801031260cd av_one_full  avia-builder-el-6  el_after_av_heading  avia-builder-el-last  ueber-uns-item first flex_column_div  '     ><section  class='av_textblock_section av-qvgw-727c14cd3fc62faa8d27fb170ad3d26b '   itemscope=\"itemscope\" itemtype=\"https:\/\/schema.org\/CreativeWork\" ><div class='avia_textblock'  itemprop=\"text\" ><p><strong>RR Fischer<\/strong> is the merger of the sales teams of <strong>Fischer Lagertechnik<\/strong>, <strong>Rack &amp; Roll<\/strong> and <strong>AQS<\/strong>.<\/p>\n<p>Our focus is on providing our dealers and resellers with the best possible support in realizing successful intralogistics projects throughout Europe.<\/p>\n<p>The broad product portfolio of our manufacturing companies enables us to offer an effective and efficient solution to almost any problem.<\/p>\n<p>By focusing on our customer base of dealers and resellers, we have been able to tailor our processes specifically to their needs. With our PartnerPortal, for example, we have created a way to provide even complicated products, including quotations, in our self-service 3D online configurator within a few minutes. <\/p>\n<p>For more specialised enquiries, our sales team is available throughout Europe to support you in person at customer appointments on-site.<\/p>\n<h3 class=\"full-width-primary\">Get in touch with us.<\/h3>\n<\/div><\/section><\/div>\n\n<\/div><\/div><\/div><!-- close content main div --><\/div><\/div>\n<style type=\"text\/css\" data-created_by=\"avia_inline_auto\" id=\"style-css-av-6myks-88845927c1aa5cf5884564631e10321c\">\n.avia-section.av-6myks-88845927c1aa5cf5884564631e10321c{\nbackground-color:#ededed;\nbackground-image:unset;\n}\n<\/style>\n<div id='av_section_3'  class='avia-section av-6myks-88845927c1aa5cf5884564631e10321c main_color avia-section-default avia-no-border-styling  avia-builder-el-8  el_after_av_section  avia-builder-el-last  avia-bg-style-scroll container_wrap fullsize'  ><div class='container av-section-cont-open' ><div class='template-page content  av-content-full alpha units'><div class='post-entry post-entry-type-page post-entry-1972'><div class='entry-content-wrapper clearfix'>\n\n<style type=\"text\/css\" data-created_by=\"avia_inline_auto\" id=\"style-css-av-12ph0-7eec360addbe6c0f762cba6a6c34bdce\">\n#top .av-special-heading.av-12ph0-7eec360addbe6c0f762cba6a6c34bdce{\nmargin:30px 0 30px 0;\npadding-bottom:10px;\ncolor:#ef8c31;\nfont-size:34px;\n}\nbody .av-special-heading.av-12ph0-7eec360addbe6c0f762cba6a6c34bdce .av-special-heading-tag .heading-char{\nfont-size:25px;\n}\n#top #wrap_all .av-special-heading.av-12ph0-7eec360addbe6c0f762cba6a6c34bdce .av-special-heading-tag{\nfont-size:34px;\n}\n.av-special-heading.av-12ph0-7eec360addbe6c0f762cba6a6c34bdce .special-heading-inner-border{\nborder-color:#ef8c31;\n}\n.av-special-heading.av-12ph0-7eec360addbe6c0f762cba6a6c34bdce .av-subheading{\nfont-size:15px;\n}\n\n@media only screen and (min-width: 480px) and (max-width: 767px){ \n#top #wrap_all .av-special-heading.av-12ph0-7eec360addbe6c0f762cba6a6c34bdce .av-special-heading-tag{\nfont-size:0.8em;\n}\n}\n\n@media only screen and (max-width: 479px){ \n#top #wrap_all .av-special-heading.av-12ph0-7eec360addbe6c0f762cba6a6c34bdce .av-special-heading-tag{\nfont-size:0.8em;\n}\n}\n<\/style>\n<div  class='av-special-heading av-12ph0-7eec360addbe6c0f762cba6a6c34bdce av-special-heading-h2 custom-color-heading blockquote modern-quote  avia-builder-el-9  el_before_av_one_third  avia-builder-el-first  av-inherit-size'><h2 class='av-special-heading-tag '  itemprop=\"headline\"  >Our Manufacturers<\/h2><div class=\"special-heading-border\"><div class=\"special-heading-inner-border\"><\/div><\/div><\/div>\n<div class='flex_column_table av-5fmp8-983d768a38410fb506f250fe74c24aa2 sc-av_one_third av-equal-height-column-flextable'>\n<style type=\"text\/css\" data-created_by=\"avia_inline_auto\" id=\"style-css-av-5fmp8-983d768a38410fb506f250fe74c24aa2\">\n#top .flex_column_table.av-equal-height-column-flextable.av-5fmp8-983d768a38410fb506f250fe74c24aa2{\nmargin-top:0px;\nmargin-bottom:0px;\n}\n.flex_column.av-5fmp8-983d768a38410fb506f250fe74c24aa2{\nwidth:32%;\nmargin-left:0;\nborder-width:1px;\nborder-color:#1e4b69;\nborder-style:solid;\n}\n#top .flex_column_table.av-equal-height-column-flextable.av-5fmp8-983d768a38410fb506f250fe74c24aa2 .av-flex-placeholder{\nwidth:2%;\n}\n<\/style>\n<div  class='flex_column av-5fmp8-983d768a38410fb506f250fe74c24aa2 av_one_third  avia-builder-el-10  el_after_av_heading  el_before_av_one_third  hersteller-item hersteller-aqs first flex_column_table_cell av-equal-height-column av-align-top  '     ><p>\n<style type=\"text\/css\" data-created_by=\"avia_inline_auto\" id=\"style-css-av-4xlpc-aefaa78a3281d0b3e71171e152f714ce\">\n.avia-image-container.av-4xlpc-aefaa78a3281d0b3e71171e152f714ce img.avia_image{\nbox-shadow:none;\n}\n.avia-image-container.av-4xlpc-aefaa78a3281d0b3e71171e152f714ce .av-image-caption-overlay-center{\ncolor:#ffffff;\n}\n<\/style>\n<div  class='avia-image-container av-4xlpc-aefaa78a3281d0b3e71171e152f714ce av-styling- avia-align-center  avia-builder-el-11  el_before_av_textblock  avia-builder-el-first '   itemprop=\"image\" itemscope=\"itemscope\" itemtype=\"https:\/\/schema.org\/ImageObject\" ><div class=\"avia-image-container-inner\"><div class=\"avia-image-overlay-wrap\"><img decoding=\"async\" fetchpriority=\"high\" class='wp-image-1503 avia-img-lazy-loading-not-1503 avia_image ' src=\"https:\/\/rr-fischer.com\/wp-content\/uploads\/2024\/02\/hersteller-aqs-logo.png\" alt='' title='hersteller-aqs-logo'  height=\"342\" width=\"639\"  itemprop=\"thumbnailUrl\" srcset=\"https:\/\/rr-fischer.com\/wp-content\/uploads\/2024\/02\/hersteller-aqs-logo.png 639w, https:\/\/rr-fischer.com\/wp-content\/uploads\/2024\/02\/hersteller-aqs-logo-300x161.png 300w\" sizes=\"(max-width: 639px) 100vw, 639px\" \/><\/div><\/div><\/div><br \/>\n<section  class='av_textblock_section av-4qdac-181ef2f3d29ff6ebeb52627306a04f60 '   itemscope=\"itemscope\" itemtype=\"https:\/\/schema.org\/CreativeWork\" ><div class='avia_textblock'  itemprop=\"text\" ><p>Als Spezialist der dynamischen Lagersysteme stellt die <strong>AQS<\/strong> Logistic Systems GmbH am Standort Neunkirchen im Siegerland mit rund 30 Mitarbeitenden dynamische Lagerl\u00f6sungen f\u00fcr den Transport von Beh\u00e4ltern, Paletten und Sonderladungstr\u00e4gern her.<\/p>\n<p>Die moderne Produktion gepaart mit unseren erfahrenen Konstrukteuren erm\u00f6glicht es, sowohl individuelle L\u00f6sungen als auch effiziente Standardl\u00f6sungen zu produzieren.<\/p>\n<p><strong>AQS<\/strong> ist der Hauptlieferant f\u00fcr die Produkte AQS Durchlaufebenen, XXL Rollenschienen und den Push-Back Trolley.<\/p>\n<\/div><\/section><\/p><\/div><div class='av-flex-placeholder'><\/div>\n<style type=\"text\/css\" data-created_by=\"avia_inline_auto\" id=\"style-css-av-3sr98-b97e3802f2ce74c38b1b9d745e61a59b\">\n#top .flex_column_table.av-equal-height-column-flextable.av-3sr98-b97e3802f2ce74c38b1b9d745e61a59b{\nmargin-top:0px;\nmargin-bottom:0px;\n}\n.flex_column.av-3sr98-b97e3802f2ce74c38b1b9d745e61a59b{\nwidth:32%;\nmargin-left:0;\nborder-width:1px;\nborder-color:#1e4b69;\nborder-style:solid;\n}\n#top .flex_column_table.av-equal-height-column-flextable.av-3sr98-b97e3802f2ce74c38b1b9d745e61a59b .av-flex-placeholder{\nwidth:2%;\n}\n<\/style>\n<div  class='flex_column av-3sr98-b97e3802f2ce74c38b1b9d745e61a59b av_one_third  avia-builder-el-13  el_after_av_one_third  el_before_av_one_third  hersteller-item hersteller-rackroll flex_column_table_cell av-equal-height-column av-align-top  '     ><p>\n<style type=\"text\/css\" data-created_by=\"avia_inline_auto\" id=\"style-css-av-395us-879857e8dcaa8d331c3a0a185f6861f3\">\n.avia-image-container.av-395us-879857e8dcaa8d331c3a0a185f6861f3 img.avia_image{\nbox-shadow:none;\n}\n.avia-image-container.av-395us-879857e8dcaa8d331c3a0a185f6861f3 .av-image-caption-overlay-center{\ncolor:#ffffff;\n}\n<\/style>\n<div  class='avia-image-container av-395us-879857e8dcaa8d331c3a0a185f6861f3 av-styling- avia-align-center  avia-builder-el-14  el_before_av_textblock  avia-builder-el-first '   itemprop=\"image\" itemscope=\"itemscope\" itemtype=\"https:\/\/schema.org\/ImageObject\" ><div class=\"avia-image-container-inner\"><div class=\"avia-image-overlay-wrap\"><img decoding=\"async\" fetchpriority=\"high\" class='wp-image-1507 avia-img-lazy-loading-not-1507 avia_image ' src=\"https:\/\/rr-fischer.com\/wp-content\/uploads\/2024\/02\/hersteller-rackroll-logo.png\" alt='' title='hersteller-rack&amp;roll-logo'  height=\"134\" width=\"639\"  itemprop=\"thumbnailUrl\" srcset=\"https:\/\/rr-fischer.com\/wp-content\/uploads\/2024\/02\/hersteller-rackroll-logo.png 639w, https:\/\/rr-fischer.com\/wp-content\/uploads\/2024\/02\/hersteller-rackroll-logo-300x63.png 300w\" sizes=\"(max-width: 639px) 100vw, 639px\" \/><\/div><\/div><\/div><br \/>\n<section  class='av_textblock_section av-2uxnw-2b4fc608b0b92db4cfdacdda6b455def '   itemscope=\"itemscope\" itemtype=\"https:\/\/schema.org\/CreativeWork\" ><div class='avia_textblock'  itemprop=\"text\" ><p>Als Spezialist f\u00fcr Palettenf\u00f6rdertechnik produziert die <strong>Rack &amp; Roll<\/strong> GmbH am Standort Kulmbach in Oberfranken Palettenrollenbahnen f\u00fcr alle g\u00e4ngigen Ladungstr\u00e4ger.<\/p>\n<p>Durch die langj\u00e4hrige Erfahrung in der Zusammenarbeit mit allen europ\u00e4ischen Palettenregalherstellern k\u00f6nnen wir unsere Rollenbahnen ideal in alle vorhandenen Regalsysteme integrieren.<\/p>\n<p><strong>Rack &amp; Roll<\/strong> ist der Hauptlieferant f\u00fcr alle Palettenrollenbahnen.<\/p>\n<\/div><\/section><\/p><\/div><div class='av-flex-placeholder'><\/div>\n<style type=\"text\/css\" data-created_by=\"avia_inline_auto\" id=\"style-css-av-1xuro-13a315e0d73d6f693871bc40e76ee4de\">\n#top .flex_column_table.av-equal-height-column-flextable.av-1xuro-13a315e0d73d6f693871bc40e76ee4de{\nmargin-top:0px;\nmargin-bottom:0px;\n}\n.flex_column.av-1xuro-13a315e0d73d6f693871bc40e76ee4de{\nwidth:32%;\nmargin-left:0;\nborder-width:1px;\nborder-color:#1e4b69;\nborder-style:solid;\n}\n#top .flex_column_table.av-equal-height-column-flextable.av-1xuro-13a315e0d73d6f693871bc40e76ee4de .av-flex-placeholder{\nwidth:2%;\n}\n<\/style>\n<div  class='flex_column av-1xuro-13a315e0d73d6f693871bc40e76ee4de av_one_third  avia-builder-el-16  el_after_av_one_third  el_before_av_hr  hersteller-item hersteller-fischer flex_column_table_cell av-equal-height-column av-align-top  '     ><p>\n<style type=\"text\/css\" data-created_by=\"avia_inline_auto\" id=\"style-css-av-1pgzs-358198f35017405e789faa26b43f9102\">\n.avia-image-container.av-1pgzs-358198f35017405e789faa26b43f9102 img.avia_image{\nbox-shadow:none;\n}\n.avia-image-container.av-1pgzs-358198f35017405e789faa26b43f9102 .av-image-caption-overlay-center{\ncolor:#ffffff;\n}\n<\/style>\n<div  class='avia-image-container av-1pgzs-358198f35017405e789faa26b43f9102 av-styling- avia-align-center  avia-builder-el-17  el_before_av_textblock  avia-builder-el-first '   itemprop=\"image\" itemscope=\"itemscope\" itemtype=\"https:\/\/schema.org\/ImageObject\" ><div class=\"avia-image-container-inner\"><div class=\"avia-image-overlay-wrap\"><img decoding=\"async\" fetchpriority=\"high\" class='wp-image-1505 avia-img-lazy-loading-not-1505 avia_image ' src=\"https:\/\/rr-fischer.com\/wp-content\/uploads\/2024\/02\/hersteller-fischer-logo.png\" alt='' title='hersteller-fischer-logo'  height=\"174\" width=\"640\"  itemprop=\"thumbnailUrl\" srcset=\"https:\/\/rr-fischer.com\/wp-content\/uploads\/2024\/02\/hersteller-fischer-logo.png 640w, https:\/\/rr-fischer.com\/wp-content\/uploads\/2024\/02\/hersteller-fischer-logo-300x82.png 300w\" sizes=\"(max-width: 640px) 100vw, 640px\" \/><\/div><\/div><\/div><br \/>\n<section  class='av_textblock_section av-12cz0-5011a351e2722bb64af3e90037967d0a '   itemscope=\"itemscope\" itemtype=\"https:\/\/schema.org\/CreativeWork\" ><div class='avia_textblock'  itemprop=\"text\" ><p>Als Spezialist f\u00fcr Lager- und Logistikl\u00f6sungen produziert die <strong>Fischer Lagertechnik<\/strong> GmbH &amp; Co. KG am Standort Stutensee bei Karlsruhe seit 50 Jahren L\u00f6sungen aus warmgewalztem IPE-Stahl.<\/p>\n<p>Durch unsere langj\u00e4hrige Erfahrung gemeinsam mit unserer modernen Fertigung k\u00f6nnen wir nicht nur Standardl\u00f6sungen im Bereich der Kragarmregale und Stahlbaub\u00fchnen anbieten, sondern auch individuelle L\u00f6sungen.<\/p>\n<p><strong>Fischer<\/strong> ist der Hauptlieferant f\u00fcr unsere statischen Logistikl\u00f6sungen.<\/p>\n<\/div><\/section><\/p><\/div><\/div><!--close column table wrapper. Autoclose: 1 -->\n<style type=\"text\/css\" data-created_by=\"avia_inline_auto\" id=\"style-css-av-ltk9l7e4-c52194996fa323a030acd60397b4e2da\">\n#top .hr.hr-invisible.av-ltk9l7e4-c52194996fa323a030acd60397b4e2da{\nheight:50px;\n}\n<\/style>\n<div  class='hr av-ltk9l7e4-c52194996fa323a030acd60397b4e2da hr-invisible  avia-builder-el-19  el_after_av_one_third  avia-builder-el-last '><span class='hr-inner '><span class=\"hr-inner-style\"><\/span><\/span><\/div>\n\n","protected":false},"excerpt":{"rendered":"","protected":false},"author":1,"featured_media":0,"parent":0,"menu_order":0,"comment_status":"closed","ping_status":"closed","template":"","meta":{"footnotes":""},"class_list":["post-1972","page","type-page","status-publish","hentry"],"_links":{"self":[{"href":"https:\/\/rr-fischer.com\/en\/wp-json\/wp\/v2\/pages\/1972","targetHints":{"allow":["GET"]}}],"collection":[{"href":"https:\/\/rr-fischer.com\/en\/wp-json\/wp\/v2\/pages"}],"about":[{"href":"https:\/\/rr-fischer.com\/en\/wp-json\/wp\/v2\/types\/page"}],"author":[{"embeddable":true,"href":"https:\/\/rr-fischer.com\/en\/wp-json\/wp\/v2\/users\/1"}],"replies":[{"embeddable":true,"href":"https:\/\/rr-fischer.com\/en\/wp-json\/wp\/v2\/comments?post=1972"}],"version-history":[{"count":17,"href":"https:\/\/rr-fischer.com\/en\/wp-json\/wp\/v2\/pages\/1972\/revisions"}],"predecessor-version":[{"id":4497,"href":"https:\/\/rr-fischer.com\/en\/wp-json\/wp\/v2\/pages\/1972\/revisions\/4497"}],"wp:attachment":[{"href":"https:\/\/rr-fischer.com\/en\/wp-json\/wp\/v2\/media?parent=1972"}],"curies":[{"name":"wp","href":"https:\/\/api.w.org\/{rel}","templated":true}]}}