{"id":2175,"date":"2023-11-07T11:44:39","date_gmt":"2023-11-07T10:44:39","guid":{"rendered":"https:\/\/rr-fischer.com\/a-propos-de-nous\/"},"modified":"2024-03-15T15:47:46","modified_gmt":"2024-03-15T14:47:46","slug":"a-propos-de-nous","status":"publish","type":"page","link":"https:\/\/rr-fischer.com\/fr\/a-propos-de-nous\/","title":{"rendered":"\u00c0 propos de nous"},"content":{"rendered":"\n<style type=\"text\/css\" data-created_by=\"avia_inline_auto\" id=\"style-css-av-2bio0-a2a4873a7a7d34c369083655f25b25ca\">\n.avia-section.av-2bio0-a2a4873a7a7d34c369083655f25b25ca .av-parallax .av-parallax-inner{\nbackground-repeat:no-repeat;\nbackground-image:url(https:\/\/rr-fischer.com\/wp-content\/uploads\/2023\/11\/DUMMY_Broschuere_RR-Fischer_Seite-1-1.jpg);\nbackground-position:50% 50%;\nbackground-attachment:scroll;\n}\n<\/style>\n<div id='av_section_1'  class='avia-section av-2bio0-a2a4873a7a7d34c369083655f25b25ca main_color avia-section-no-padding avia-no-border-styling  avia-builder-el-0  el_before_av_section  avia-builder-el-first  rrf-color-section avia-full-stretch av-parallax-section avia-bg-style-parallax av-minimum-height av-minimum-height-50 av-height-50  container_wrap fullsize'  data-section-bg-repeat='stretch' data-av_minimum_height_pc='50' data-av_min_height_opt='50'><div class='av-parallax' data-avia-parallax-ratio='0.3' ><div class='av-parallax-inner main_color avia-full-stretch'><\/div><\/div><div class='container av-section-cont-open' ><main  role=\"main\" itemprop=\"mainContentOfPage\"  class='template-page content  av-content-full alpha units'><div class='post-entry post-entry-type-page post-entry-2175'><div class='entry-content-wrapper clearfix'>\n\n<style type=\"text\/css\" data-created_by=\"avia_inline_auto\" id=\"style-css-av-1dumo-71a3d18feae668ab56c2da7eeefba3a3\">\n#top .flex_column.av-1dumo-71a3d18feae668ab56c2da7eeefba3a3{\nmargin-top:150px;\nmargin-bottom:40px;\n}\n.flex_column.av-1dumo-71a3d18feae668ab56c2da7eeefba3a3{\npadding:0 0 0 0;\n}\n.responsive #top #wrap_all .flex_column.av-1dumo-71a3d18feae668ab56c2da7eeefba3a3{\nmargin-top:150px;\nmargin-bottom:40px;\n}\n<\/style>\n<div  class='flex_column av-1dumo-71a3d18feae668ab56c2da7eeefba3a3 av_one_full  avia-builder-el-1  el_before_av_one_full  avia-builder-el-first  first no_margin flex_column_div av-zero-column-padding  '     ><\/div>\n<style type=\"text\/css\" data-created_by=\"avia_inline_auto\" id=\"style-css-av-p140-b7c290d8d955b02d0407543019a75c3e\">\n#top .flex_column.av-p140-b7c290d8d955b02d0407543019a75c3e{\nmargin-top:0;\nmargin-bottom:20px;\n}\n.flex_column.av-p140-b7c290d8d955b02d0407543019a75c3e{\npadding:0 0 0 0;\n}\n.responsive #top #wrap_all .flex_column.av-p140-b7c290d8d955b02d0407543019a75c3e{\nmargin-top:0;\nmargin-bottom:20px;\n}\n<\/style>\n<div  class='flex_column av-p140-b7c290d8d955b02d0407543019a75c3e av_one_full  avia-builder-el-2  el_after_av_one_full  avia-builder-el-last  first no_margin flex_column_div av-zero-column-padding  column-top-margin'     ><style type=\"text\/css\" data-created_by=\"avia_inline_auto\" id=\"style-css-av-lp6udz9t-fa261052b72e675e12c474e2bd9ff08b\">\n#top .av-special-heading.av-lp6udz9t-fa261052b72e675e12c474e2bd9ff08b{\npadding-bottom:10px;\ncolor:#ededed;\nfont-size:3vw;\n}\nbody .av-special-heading.av-lp6udz9t-fa261052b72e675e12c474e2bd9ff08b .av-special-heading-tag .heading-char{\nfont-size:25px;\n}\n#top #wrap_all .av-special-heading.av-lp6udz9t-fa261052b72e675e12c474e2bd9ff08b .av-special-heading-tag{\nfont-size:3vw;\n}\n.av-special-heading.av-lp6udz9t-fa261052b72e675e12c474e2bd9ff08b .special-heading-inner-border{\nborder-color:#ededed;\n}\n.av-special-heading.av-lp6udz9t-fa261052b72e675e12c474e2bd9ff08b .av-subheading{\nfont-size:15px;\n}\n\n@media only screen and (min-width: 480px) and (max-width: 767px){ \n#top #wrap_all .av-special-heading.av-lp6udz9t-fa261052b72e675e12c474e2bd9ff08b .av-special-heading-tag{\nfont-size:0.8em;\n}\n}\n\n@media only screen and (max-width: 479px){ \n#top #wrap_all .av-special-heading.av-lp6udz9t-fa261052b72e675e12c474e2bd9ff08b .av-special-heading-tag{\nfont-size:0.8em;\n}\n}\n<\/style>\n<div  class='av-special-heading av-lp6udz9t-fa261052b72e675e12c474e2bd9ff08b av-special-heading-h1 custom-color-heading blockquote modern-quote  avia-builder-el-3  avia-builder-el-no-sibling  av-inherit-size'><h1 class='av-special-heading-tag '  itemprop=\"headline\"  >\u00c0 propos de nous<\/h1><div class=\"special-heading-border\"><div class=\"special-heading-inner-border\"><\/div><\/div><\/div><\/div>\n\n<\/div><\/div><\/main><!-- close content main element --><\/div><\/div><div id='av_section_2'  class='avia-section av-xdhw-e43eb9600eb65e783a99848e9bccb8de main_color avia-section-default avia-no-border-styling  avia-builder-el-4  el_after_av_section  el_before_av_section  avia-bg-style-scroll container_wrap fullsize'  ><div class='container av-section-cont-open' ><div class='template-page content  av-content-full alpha units'><div class='post-entry post-entry-type-page post-entry-2175'><div class='entry-content-wrapper clearfix'>\n\n<style type=\"text\/css\" data-created_by=\"avia_inline_auto\" id=\"style-css-av-mmjc-82ba0bcb3bbb8ac14de9b58be6b5a41c\">\n#top .av-special-heading.av-mmjc-82ba0bcb3bbb8ac14de9b58be6b5a41c{\nmargin:30px 0 30px 0;\npadding-bottom:10px;\ncolor:#ef8c31;\nfont-size:34px;\n}\nbody .av-special-heading.av-mmjc-82ba0bcb3bbb8ac14de9b58be6b5a41c .av-special-heading-tag .heading-char{\nfont-size:25px;\n}\n#top #wrap_all .av-special-heading.av-mmjc-82ba0bcb3bbb8ac14de9b58be6b5a41c .av-special-heading-tag{\nfont-size:34px;\n}\n.av-special-heading.av-mmjc-82ba0bcb3bbb8ac14de9b58be6b5a41c .special-heading-inner-border{\nborder-color:#ef8c31;\n}\n.av-special-heading.av-mmjc-82ba0bcb3bbb8ac14de9b58be6b5a41c .av-subheading{\nfont-size:15px;\n}\n\n@media only screen and (min-width: 480px) and (max-width: 767px){ \n#top #wrap_all .av-special-heading.av-mmjc-82ba0bcb3bbb8ac14de9b58be6b5a41c .av-special-heading-tag{\nfont-size:0.8em;\n}\n}\n\n@media only screen and (max-width: 479px){ \n#top #wrap_all .av-special-heading.av-mmjc-82ba0bcb3bbb8ac14de9b58be6b5a41c .av-special-heading-tag{\nfont-size:0.8em;\n}\n}\n<\/style>\n<div  class='av-special-heading av-mmjc-82ba0bcb3bbb8ac14de9b58be6b5a41c av-special-heading-h2 custom-color-heading blockquote modern-quote  avia-builder-el-5  el_before_av_one_full  avia-builder-el-first  av-inherit-size'><h2 class='av-special-heading-tag '  itemprop=\"headline\"  >RR Fischer<\/h2><div class=\"special-heading-border\"><div class=\"special-heading-inner-border\"><\/div><\/div><\/div>\n\n<style type=\"text\/css\" data-created_by=\"avia_inline_auto\" id=\"style-css-av-82qb8-0965787643044d59c6b9e801031260cd\">\n#top .flex_column.av-82qb8-0965787643044d59c6b9e801031260cd{\nmargin-top:0px;\nmargin-bottom:0px;\n}\n.responsive #top #wrap_all .flex_column.av-82qb8-0965787643044d59c6b9e801031260cd{\nmargin-top:0px;\nmargin-bottom:0px;\n}\n<\/style>\n<div  class='flex_column av-82qb8-0965787643044d59c6b9e801031260cd av_one_full  avia-builder-el-6  el_after_av_heading  avia-builder-el-last  ueber-uns-item first flex_column_div  '     ><section  class='av_textblock_section av-qvgw-727c14cd3fc62faa8d27fb170ad3d26b '   itemscope=\"itemscope\" itemtype=\"https:\/\/schema.org\/CreativeWork\" ><div class='avia_textblock'  itemprop=\"text\" ><p><strong>RR Fischer<\/strong> est n\u00e9e de la fusion des \u00e9quipes de vente de <strong>Fischer Lagertechnik<\/strong>, <strong>Rack &amp; Roll<\/strong> et <strong>AQS<\/strong>.<\/p>\n<p>Notre objectif est d&rsquo;aider au mieux nos distributeurs et nos partenaires revendeurs \u00e0 r\u00e9aliser avec nous des projets intralogistiques \u00e0 travers toute l&rsquo;Europe.<\/p>\n<p>Gr\u00e2ce \u00e0 notre vaste gamme de produits issus de nos diff\u00e9rentes usines, nous sommes en mesure de proposer des solutions efficaces et efficientes pour r\u00e9soudre la plupart des d\u00e9fis rencontr\u00e9s.<\/p>\n<p>En nous focalisant sur une client\u00e8le de distributeurs et de revendeurs, nous avons adapt\u00e9 nos processus de mani\u00e8re cibl\u00e9e pour r\u00e9pondre sp\u00e9cifiquement \u00e0 vos besoins Gr\u00e2ce \u00e0 notre configurateur 3D en ligne \u00ab PartnerPortal \u00bb, nous avons introduit une solution permettant d\u2019acc\u00e9der facilement \u00e0 une gamme \u00e9tendue de produits, y compris la cr\u00e9ation d\u2019offres, en libre-service et en quelques minutes seulement.  <\/p>\n<p>Pour les demandes plus complexes, notre \u00e9quipe est \u00e0 votre disposition dans toute l&rsquo;Europe pour vous assister sur place lors de vos rendez-vous client.<\/p>\n<h3 class=\"full-width-primary\">N&rsquo;h\u00e9sitez pas \u00e0 nous contacter.<\/h3>\n<\/div><\/section><\/div>\n\n<\/div><\/div><\/div><!-- close content main div --><\/div><\/div>\n<style type=\"text\/css\" data-created_by=\"avia_inline_auto\" id=\"style-css-av-6myks-88845927c1aa5cf5884564631e10321c\">\n.avia-section.av-6myks-88845927c1aa5cf5884564631e10321c{\nbackground-color:#ededed;\nbackground-image:unset;\n}\n<\/style>\n<div id='av_section_3'  class='avia-section av-6myks-88845927c1aa5cf5884564631e10321c main_color avia-section-default avia-no-border-styling  avia-builder-el-8  el_after_av_section  avia-builder-el-last  avia-bg-style-scroll container_wrap fullsize'  ><div class='container av-section-cont-open' ><div class='template-page content  av-content-full alpha units'><div class='post-entry post-entry-type-page post-entry-2175'><div class='entry-content-wrapper clearfix'>\n\n<style type=\"text\/css\" data-created_by=\"avia_inline_auto\" id=\"style-css-av-12ph0-edd5c5b17e18f6dff3eaae2e18c37486\">\n#top .av-special-heading.av-12ph0-edd5c5b17e18f6dff3eaae2e18c37486{\nmargin:30px 0 30px 0;\npadding-bottom:10px;\ncolor:#ef8c31;\nfont-size:34px;\n}\nbody .av-special-heading.av-12ph0-edd5c5b17e18f6dff3eaae2e18c37486 .av-special-heading-tag .heading-char{\nfont-size:25px;\n}\n#top #wrap_all .av-special-heading.av-12ph0-edd5c5b17e18f6dff3eaae2e18c37486 .av-special-heading-tag{\nfont-size:34px;\n}\n.av-special-heading.av-12ph0-edd5c5b17e18f6dff3eaae2e18c37486 .special-heading-inner-border{\nborder-color:#ef8c31;\n}\n.av-special-heading.av-12ph0-edd5c5b17e18f6dff3eaae2e18c37486 .av-subheading{\nfont-size:15px;\n}\n\n@media only screen and (min-width: 480px) and (max-width: 767px){ \n#top #wrap_all .av-special-heading.av-12ph0-edd5c5b17e18f6dff3eaae2e18c37486 .av-special-heading-tag{\nfont-size:0.8em;\n}\n}\n\n@media only screen and (max-width: 479px){ \n#top #wrap_all .av-special-heading.av-12ph0-edd5c5b17e18f6dff3eaae2e18c37486 .av-special-heading-tag{\nfont-size:0.8em;\n}\n}\n<\/style>\n<div  class='av-special-heading av-12ph0-edd5c5b17e18f6dff3eaae2e18c37486 av-special-heading-h2 custom-color-heading blockquote modern-quote  avia-builder-el-9  el_before_av_one_third  avia-builder-el-first  av-inherit-size'><h2 class='av-special-heading-tag '  itemprop=\"headline\"  >Nos Usines :<\/h2><div class=\"special-heading-border\"><div class=\"special-heading-inner-border\"><\/div><\/div><\/div>\n<div class='flex_column_table av-5fmp8-983d768a38410fb506f250fe74c24aa2 sc-av_one_third av-equal-height-column-flextable'>\n<style type=\"text\/css\" data-created_by=\"avia_inline_auto\" id=\"style-css-av-5fmp8-983d768a38410fb506f250fe74c24aa2\">\n#top .flex_column_table.av-equal-height-column-flextable.av-5fmp8-983d768a38410fb506f250fe74c24aa2{\nmargin-top:0px;\nmargin-bottom:0px;\n}\n.flex_column.av-5fmp8-983d768a38410fb506f250fe74c24aa2{\nwidth:32%;\nmargin-left:0;\nborder-width:1px;\nborder-color:#1e4b69;\nborder-style:solid;\n}\n#top .flex_column_table.av-equal-height-column-flextable.av-5fmp8-983d768a38410fb506f250fe74c24aa2 .av-flex-placeholder{\nwidth:2%;\n}\n<\/style>\n<div  class='flex_column av-5fmp8-983d768a38410fb506f250fe74c24aa2 av_one_third  avia-builder-el-10  el_after_av_heading  el_before_av_one_third  hersteller-item hersteller-aqs first flex_column_table_cell av-equal-height-column av-align-top  '     ><p>\n<style type=\"text\/css\" data-created_by=\"avia_inline_auto\" id=\"style-css-av-4xlpc-81ab5bedce03b8fa7977f856432ecdd0\">\n.avia-image-container.av-4xlpc-81ab5bedce03b8fa7977f856432ecdd0 img.avia_image{\nbox-shadow:none;\n}\n.avia-image-container.av-4xlpc-81ab5bedce03b8fa7977f856432ecdd0 .av-image-caption-overlay-center{\ncolor:#ffffff;\n}\n<\/style>\n<div  class='avia-image-container av-4xlpc-81ab5bedce03b8fa7977f856432ecdd0 av-styling- avia-align-center  avia-builder-el-11  el_before_av_textblock  avia-builder-el-first '   itemprop=\"image\" itemscope=\"itemscope\" itemtype=\"https:\/\/schema.org\/ImageObject\" ><div class=\"avia-image-container-inner\"><div class=\"avia-image-overlay-wrap\"><img decoding=\"async\" fetchpriority=\"high\" class='wp-image-1504 avia-img-lazy-loading-not-1504 avia_image ' src=\"https:\/\/rr-fischer.com\/wp-content\/uploads\/2024\/02\/hersteller-aqs-logo.png\" alt='' title='hersteller-aqs-logo'  height=\"342\" width=\"639\"  itemprop=\"thumbnailUrl\" srcset=\"https:\/\/rr-fischer.com\/wp-content\/uploads\/2024\/02\/hersteller-aqs-logo.png 639w, https:\/\/rr-fischer.com\/wp-content\/uploads\/2024\/02\/hersteller-aqs-logo-300x161.png 300w\" sizes=\"(max-width: 639px) 100vw, 639px\" \/><\/div><\/div><\/div><br \/>\n<section  class='av_textblock_section av-4qdac-181ef2f3d29ff6ebeb52627306a04f60 '   itemscope=\"itemscope\" itemtype=\"https:\/\/schema.org\/CreativeWork\" ><div class='avia_textblock'  itemprop=\"text\" ><p>En tant que sp\u00e9cialiste des syst\u00e8mes de stockage dynamiques, la soci\u00e9t\u00e9 <strong>AQS<\/strong> Logistic Systems GmbH, situ\u00e9e \u00e0 Neunkirchen dans le Siegerland, fabrique avec une trentaine de collaborateurs des solutions de stockage dynamiques pour le transport de conteneurs, de palettes et de supports de charge sp\u00e9ciaux.<\/p>\n<p>Gr\u00e2ce \u00e0 une production moderne et \u00e0 nos techniciens exp\u00e9riment\u00e9s, nous sommes capables de produire des solutions sur mesures aussi bien que standardis\u00e9es reconnus pour leur qualit\u00e9 et leur robustesse.<\/p>\n<p><strong>AQS<\/strong> est le principal fournisseur de rayonnages dynamiques colis, rails \u00e0 galets XXL et du syst\u00e8me Push-Back Trolley.<\/p>\n<\/div><\/section><\/p><\/div><div class='av-flex-placeholder'><\/div>\n<style type=\"text\/css\" data-created_by=\"avia_inline_auto\" id=\"style-css-av-3sr98-b97e3802f2ce74c38b1b9d745e61a59b\">\n#top .flex_column_table.av-equal-height-column-flextable.av-3sr98-b97e3802f2ce74c38b1b9d745e61a59b{\nmargin-top:0px;\nmargin-bottom:0px;\n}\n.flex_column.av-3sr98-b97e3802f2ce74c38b1b9d745e61a59b{\nwidth:32%;\nmargin-left:0;\nborder-width:1px;\nborder-color:#1e4b69;\nborder-style:solid;\n}\n#top .flex_column_table.av-equal-height-column-flextable.av-3sr98-b97e3802f2ce74c38b1b9d745e61a59b .av-flex-placeholder{\nwidth:2%;\n}\n<\/style>\n<div  class='flex_column av-3sr98-b97e3802f2ce74c38b1b9d745e61a59b av_one_third  avia-builder-el-13  el_after_av_one_third  el_before_av_one_third  hersteller-item hersteller-rackroll flex_column_table_cell av-equal-height-column av-align-top  '     ><p>\n<style type=\"text\/css\" data-created_by=\"avia_inline_auto\" id=\"style-css-av-395us-eef81d3ecfc41e66c24efa65a8ca6379\">\n.avia-image-container.av-395us-eef81d3ecfc41e66c24efa65a8ca6379 img.avia_image{\nbox-shadow:none;\n}\n.avia-image-container.av-395us-eef81d3ecfc41e66c24efa65a8ca6379 .av-image-caption-overlay-center{\ncolor:#ffffff;\n}\n<\/style>\n<div  class='avia-image-container av-395us-eef81d3ecfc41e66c24efa65a8ca6379 av-styling- avia-align-center  avia-builder-el-14  el_before_av_textblock  avia-builder-el-first '   itemprop=\"image\" itemscope=\"itemscope\" itemtype=\"https:\/\/schema.org\/ImageObject\" ><div class=\"avia-image-container-inner\"><div class=\"avia-image-overlay-wrap\"><img decoding=\"async\" fetchpriority=\"high\" class='wp-image-1508 avia-img-lazy-loading-not-1508 avia_image ' src=\"https:\/\/rr-fischer.com\/wp-content\/uploads\/2024\/02\/hersteller-rackroll-logo.png\" alt='' title='hersteller-rack&amp;roll-logo'  height=\"134\" width=\"639\"  itemprop=\"thumbnailUrl\" srcset=\"https:\/\/rr-fischer.com\/wp-content\/uploads\/2024\/02\/hersteller-rackroll-logo.png 639w, https:\/\/rr-fischer.com\/wp-content\/uploads\/2024\/02\/hersteller-rackroll-logo-300x63.png 300w\" sizes=\"(max-width: 639px) 100vw, 639px\" \/><\/div><\/div><\/div><br \/>\n<section  class='av_textblock_section av-2uxnw-2b4fc608b0b92db4cfdacdda6b455def '   itemscope=\"itemscope\" itemtype=\"https:\/\/schema.org\/CreativeWork\" ><div class='avia_textblock'  itemprop=\"text\" ><p>En tant que sp\u00e9cialiste dans le domaine du convoyage des palettes, <strong>Rack &amp; Roll<\/strong> GmbH fabrique sur son site de Kulmbach en Haute-Franconie des convoyeurs \u00e0 rouleaux sp\u00e9cialement con\u00e7us pour les palettes et adapt\u00e9s \u00e0 tous les types de supports de charge usuels.<\/p>\n<p>Forts de notre exp\u00e9rience prolong\u00e9e de collaboration avec les principaux fabricants europ\u00e9ens de rayonnages \u00e0 palettes, nous avons la capacit\u00e9 d&rsquo;int\u00e9grer nos convoyeurs \u00e0 rouleaux de mani\u00e8re optimale dans tous les syst\u00e8mes de rayonnages existants.<\/p>\n<p><strong>Rack &amp; Roll<\/strong> est le principal fournisseur de convoyeurs \u00e0 rouleaux d\u00e9di\u00e9s aux palettes.<\/p>\n<\/div><\/section><\/p><\/div><div class='av-flex-placeholder'><\/div>\n<style type=\"text\/css\" data-created_by=\"avia_inline_auto\" id=\"style-css-av-1xuro-13a315e0d73d6f693871bc40e76ee4de\">\n#top .flex_column_table.av-equal-height-column-flextable.av-1xuro-13a315e0d73d6f693871bc40e76ee4de{\nmargin-top:0px;\nmargin-bottom:0px;\n}\n.flex_column.av-1xuro-13a315e0d73d6f693871bc40e76ee4de{\nwidth:32%;\nmargin-left:0;\nborder-width:1px;\nborder-color:#1e4b69;\nborder-style:solid;\n}\n#top .flex_column_table.av-equal-height-column-flextable.av-1xuro-13a315e0d73d6f693871bc40e76ee4de .av-flex-placeholder{\nwidth:2%;\n}\n<\/style>\n<div  class='flex_column av-1xuro-13a315e0d73d6f693871bc40e76ee4de av_one_third  avia-builder-el-16  el_after_av_one_third  el_before_av_hr  hersteller-item hersteller-fischer flex_column_table_cell av-equal-height-column av-align-top  '     ><p>\n<style type=\"text\/css\" data-created_by=\"avia_inline_auto\" id=\"style-css-av-1pgzs-d740638b216178bec80130b26425c5f0\">\n.avia-image-container.av-1pgzs-d740638b216178bec80130b26425c5f0 img.avia_image{\nbox-shadow:none;\n}\n.avia-image-container.av-1pgzs-d740638b216178bec80130b26425c5f0 .av-image-caption-overlay-center{\ncolor:#ffffff;\n}\n<\/style>\n<div  class='avia-image-container av-1pgzs-d740638b216178bec80130b26425c5f0 av-styling- avia-align-center  avia-builder-el-17  el_before_av_textblock  avia-builder-el-first '   itemprop=\"image\" itemscope=\"itemscope\" itemtype=\"https:\/\/schema.org\/ImageObject\" ><div class=\"avia-image-container-inner\"><div class=\"avia-image-overlay-wrap\"><img decoding=\"async\" fetchpriority=\"high\" class='wp-image-1506 avia-img-lazy-loading-not-1506 avia_image ' src=\"https:\/\/rr-fischer.com\/wp-content\/uploads\/2024\/02\/hersteller-fischer-logo.png\" alt='' title='hersteller-fischer-logo'  height=\"174\" width=\"640\"  itemprop=\"thumbnailUrl\" srcset=\"https:\/\/rr-fischer.com\/wp-content\/uploads\/2024\/02\/hersteller-fischer-logo.png 640w, https:\/\/rr-fischer.com\/wp-content\/uploads\/2024\/02\/hersteller-fischer-logo-300x82.png 300w\" sizes=\"(max-width: 640px) 100vw, 640px\" \/><\/div><\/div><\/div><br \/>\n<section  class='av_textblock_section av-12cz0-5011a351e2722bb64af3e90037967d0a '   itemscope=\"itemscope\" itemtype=\"https:\/\/schema.org\/CreativeWork\" ><div class='avia_textblock'  itemprop=\"text\" ><p>Bas\u00e9e \u00e0 Stutensee pr\u00e8s de Karlsruhe, <strong>Fischer Lagertechnik<\/strong> GmbH &amp; Co. KG est une entreprise sp\u00e9cialis\u00e9e dans les solutions de stockage et de logistique. Notre expertise repose sur la fabrication d&rsquo;acier IPE lamin\u00e9 \u00e0 chaud depuis plus de 50 ans.<\/p>\n<p>Gr\u00e2ce \u00e0 notre longue exp\u00e9rience et \u00e0 notre production moderne, nous sommes en mesure de proposer non seulement des solutions standards dans le domaine des rayonnages cantilever et des plateformes de construction m\u00e9tallique, mais aussi des solutions adapt\u00e9es \u00e0 vos cahiers des charges.<\/p>\n<p><strong>Fischer<\/strong> est le principal fournisseur de nos solutions logistiques statiques.<\/p>\n<\/div><\/section><\/p><\/div><\/div><!--close column table wrapper. Autoclose: 1 -->\n<style type=\"text\/css\" data-created_by=\"avia_inline_auto\" id=\"style-css-av-ltk9l7e4-c52194996fa323a030acd60397b4e2da\">\n#top .hr.hr-invisible.av-ltk9l7e4-c52194996fa323a030acd60397b4e2da{\nheight:50px;\n}\n<\/style>\n<div  class='hr av-ltk9l7e4-c52194996fa323a030acd60397b4e2da hr-invisible  avia-builder-el-19  el_after_av_one_third  avia-builder-el-last '><span class='hr-inner '><span class=\"hr-inner-style\"><\/span><\/span><\/div>\n\n","protected":false},"excerpt":{"rendered":"","protected":false},"author":1,"featured_media":0,"parent":0,"menu_order":0,"comment_status":"closed","ping_status":"closed","template":"","meta":{"footnotes":""},"class_list":["post-2175","page","type-page","status-publish","hentry"],"_links":{"self":[{"href":"https:\/\/rr-fischer.com\/fr\/wp-json\/wp\/v2\/pages\/2175","targetHints":{"allow":["GET"]}}],"collection":[{"href":"https:\/\/rr-fischer.com\/fr\/wp-json\/wp\/v2\/pages"}],"about":[{"href":"https:\/\/rr-fischer.com\/fr\/wp-json\/wp\/v2\/types\/page"}],"author":[{"embeddable":true,"href":"https:\/\/rr-fischer.com\/fr\/wp-json\/wp\/v2\/users\/1"}],"replies":[{"embeddable":true,"href":"https:\/\/rr-fischer.com\/fr\/wp-json\/wp\/v2\/comments?post=2175"}],"version-history":[{"count":23,"href":"https:\/\/rr-fischer.com\/fr\/wp-json\/wp\/v2\/pages\/2175\/revisions"}],"predecessor-version":[{"id":2410,"href":"https:\/\/rr-fischer.com\/fr\/wp-json\/wp\/v2\/pages\/2175\/revisions\/2410"}],"wp:attachment":[{"href":"https:\/\/rr-fischer.com\/fr\/wp-json\/wp\/v2\/media?parent=2175"}],"curies":[{"name":"wp","href":"https:\/\/api.w.org\/{rel}","templated":true}]}}