{"id":2051,"date":"2024-03-08T16:06:15","date_gmt":"2024-03-08T15:06:15","guid":{"rendered":"https:\/\/rr-fischer.com\/impressum\/"},"modified":"2024-03-12T16:16:08","modified_gmt":"2024-03-12T15:16:08","slug":"impressum","status":"publish","type":"page","link":"https:\/\/rr-fischer.com\/pl\/impressum\/","title":{"rendered":"Impressum"},"content":{"rendered":"\n<style type=\"text\/css\" data-created_by=\"avia_inline_auto\" id=\"style-css-av-7o6djp-9d8c61270f69d485e8f6d1faa5534599\">\n.avia-section.av-7o6djp-9d8c61270f69d485e8f6d1faa5534599 .av-parallax .av-parallax-inner{\nbackground-repeat:no-repeat;\nbackground-image:url(https:\/\/rr-fischer.com\/wp-content\/uploads\/2023\/11\/DUMMY_Broschuere_RR-Fischer_Seite-1-1.jpg);\nbackground-position:50% 50%;\nbackground-attachment:scroll;\n}\n<\/style>\n<div id='av_section_1'  class='avia-section av-7o6djp-9d8c61270f69d485e8f6d1faa5534599 main_color avia-section-no-padding avia-no-border-styling  avia-builder-el-0  el_before_av_section  avia-builder-el-first  rrf-color-section avia-full-stretch av-parallax-section avia-bg-style-parallax av-minimum-height av-minimum-height-50 av-height-50  container_wrap fullsize'  data-section-bg-repeat='stretch' data-av_minimum_height_pc='50' data-av_min_height_opt='50'><div class='av-parallax' data-avia-parallax-ratio='0.3' ><div class='av-parallax-inner main_color avia-full-stretch'><\/div><\/div><div class='container av-section-cont-open' ><main  role=\"main\" itemprop=\"mainContentOfPage\"  class='template-page content  av-content-full alpha units'><div class='post-entry post-entry-type-page post-entry-2051'><div class='entry-content-wrapper clearfix'>\n\n<style type=\"text\/css\" data-created_by=\"avia_inline_auto\" id=\"style-css-av-6f5d2d-1c2928441b82aa4c33c50281a51f728b\">\n#top .flex_column.av-6f5d2d-1c2928441b82aa4c33c50281a51f728b{\nmargin-top:150px;\nmargin-bottom:40px;\n}\n.flex_column.av-6f5d2d-1c2928441b82aa4c33c50281a51f728b{\npadding:0 0 0 0;\n}\n.responsive #top #wrap_all .flex_column.av-6f5d2d-1c2928441b82aa4c33c50281a51f728b{\nmargin-top:150px;\nmargin-bottom:40px;\n}\n<\/style>\n<div  class='flex_column av-6f5d2d-1c2928441b82aa4c33c50281a51f728b av_one_full  avia-builder-el-1  el_before_av_one_full  avia-builder-el-first  first no_margin flex_column_div av-zero-column-padding  '     ><\/div>\n<style type=\"text\/css\" data-created_by=\"avia_inline_auto\" id=\"style-css-av-4ujwat-3520490f51c1d953e9eb9c88c322652b\">\n#top .flex_column.av-4ujwat-3520490f51c1d953e9eb9c88c322652b{\nmargin-top:0;\nmargin-bottom:20px;\n}\n.flex_column.av-4ujwat-3520490f51c1d953e9eb9c88c322652b{\npadding:0 0 0 0;\n}\n.responsive #top #wrap_all .flex_column.av-4ujwat-3520490f51c1d953e9eb9c88c322652b{\nmargin-top:0;\nmargin-bottom:20px;\n}\n<\/style>\n<div  class='flex_column av-4ujwat-3520490f51c1d953e9eb9c88c322652b av_one_full  avia-builder-el-2  el_after_av_one_full  avia-builder-el-last  first no_margin flex_column_div av-zero-column-padding  column-top-margin'     ><style type=\"text\/css\" data-created_by=\"avia_inline_auto\" id=\"style-css-av-ltismad0-caad31e81ed45b2161754d322c87a701\">\n#top .av-special-heading.av-ltismad0-caad31e81ed45b2161754d322c87a701{\npadding-bottom:10px;\ncolor:#ededed;\nfont-size:3vw;\n}\nbody .av-special-heading.av-ltismad0-caad31e81ed45b2161754d322c87a701 .av-special-heading-tag .heading-char{\nfont-size:25px;\n}\n#top #wrap_all .av-special-heading.av-ltismad0-caad31e81ed45b2161754d322c87a701 .av-special-heading-tag{\nfont-size:3vw;\n}\n.av-special-heading.av-ltismad0-caad31e81ed45b2161754d322c87a701 .special-heading-inner-border{\nborder-color:#ededed;\n}\n.av-special-heading.av-ltismad0-caad31e81ed45b2161754d322c87a701 .av-subheading{\nfont-size:15px;\n}\n\n@media only screen and (min-width: 480px) and (max-width: 767px){ \n#top #wrap_all .av-special-heading.av-ltismad0-caad31e81ed45b2161754d322c87a701 .av-special-heading-tag{\nfont-size:0.8em;\n}\n}\n\n@media only screen and (max-width: 479px){ \n#top #wrap_all .av-special-heading.av-ltismad0-caad31e81ed45b2161754d322c87a701 .av-special-heading-tag{\nfont-size:0.8em;\n}\n}\n<\/style>\n<div  class='av-special-heading av-ltismad0-caad31e81ed45b2161754d322c87a701 av-special-heading-h1 custom-color-heading blockquote modern-quote  avia-builder-el-3  avia-builder-el-no-sibling  av-inherit-size'><h1 class='av-special-heading-tag '  itemprop=\"headline\"  >Impressum<\/h1><div class=\"special-heading-border\"><div class=\"special-heading-inner-border\"><\/div><\/div><\/div><\/div>\n\n<\/div><\/div><\/main><!-- close content main element --><\/div><\/div><div id='av_section_2'  class='avia-section av-33ry9x-cb5b1a10f95e0d4ee5d7dbd4208cf732 main_color avia-section-default avia-no-border-styling  avia-builder-el-4  el_after_av_section  avia-builder-el-last  avia-bg-style-scroll container_wrap fullsize'  ><div class='container av-section-cont-open' ><div class='template-page content  av-content-full alpha units'><div class='post-entry post-entry-type-page post-entry-2051'><div class='entry-content-wrapper clearfix'>\n\n<style type=\"text\/css\" data-created_by=\"avia_inline_auto\" id=\"style-css-av-2lzqfp-d5a6ca95250bdcf633061f49bc33d16b\">\n#top .flex_column.av-2lzqfp-d5a6ca95250bdcf633061f49bc33d16b{\nmargin-top:0px;\nmargin-bottom:0px;\n}\n.responsive #top #wrap_all .flex_column.av-2lzqfp-d5a6ca95250bdcf633061f49bc33d16b{\nmargin-top:0px;\nmargin-bottom:0px;\n}\n<\/style>\n<div  class='flex_column av-2lzqfp-d5a6ca95250bdcf633061f49bc33d16b av_one_full  avia-builder-el-5  el_before_av_one_half  avia-builder-el-first  first flex_column_div  '     ><p>\n<style type=\"text\/css\" data-created_by=\"avia_inline_auto\" id=\"style-css-av-ltk9ro5z-9c3e82f6a9a128ae938ecaa3b1748a27\">\n#top .hr.hr-invisible.av-ltk9ro5z-9c3e82f6a9a128ae938ecaa3b1748a27{\nheight:30px;\n}\n<\/style>\n<div  class='hr av-ltk9ro5z-9c3e82f6a9a128ae938ecaa3b1748a27 hr-invisible  avia-builder-el-6  el_before_av_textblock  avia-builder-el-first '><span class='hr-inner '><span class=\"hr-inner-style\"><\/span><\/span><\/div><br \/>\n<section  class='av_textblock_section av-ltk4jxuf-722ded9b4edd216d23c56456ac8d1a04 '   itemscope=\"itemscope\" itemtype=\"https:\/\/schema.org\/CreativeWork\" ><div class='avia_textblock h-secondary h-notransform'  itemprop=\"text\" ><h2>Kontakt:<\/h2>\n<p>E-Mail: <a href=\"mailto:info@rr-fischer.com\">info<code class=\"encoded\"><\/code>rr-fischer.com<\/a><\/p>\n<h2>Angaben gem\u00e4\u00df \u00a7 5 TMG:<\/h2>\n<p>RR Fischer GmbH<br \/>\nOttokar H\u00f6lscher Haus<br \/>\nOtto-Hahn-Str. 2<br \/>\nD-50169 Kerpen<\/p>\n<h2>Vertreten durch:<\/h2>\n<p>Gesch\u00e4ftsf\u00fchrer Dr. Andreas H\u00f6lscher, Dr. Thomas Kie\u00dfling<\/p>\n<h2>Registereintrag:<\/h2>\n<p>Eintragung im Handelsregister.<br \/>\nRegistergericht: Amtsgericht K\u00f6ln<br \/>\nRegisternummer: HRB 74164<\/p>\n<h2>Umsatzsteuer:<\/h2>\n<p>Umsatzsteuer-Identifikationsnummer gem\u00e4\u00df \u00a7 27a Umsatzsteuergesetz:<br \/>\nDE 28 22 52 809<\/p>\n<h2>Streitschlichtung:<\/h2>\n<p>Die Europ\u00e4ische Kommission stellt eine Plattform zur Online-Streitbeilegung (OS) bereit:<br \/>\n<a href=\"https:\/\/ec.europa.eu\/consumers\/odr\" target=\"_blank\" rel=\"noopener\">https:\/\/ec.europa.eu\/consumers\/odr.<\/a><br \/>\nUnsere E-Mail-Adresse finden Sie oben im Impressum.<br \/>\nWir sind nicht bereit oder verpflichtet, an Streitbeilegungsverfahren vor einer Verbraucherschlichtungsstelle teilzunehmen.<\/p>\n<\/div><\/section><\/p><\/div><div  class='flex_column av-44vgz9-8d3743b71493a29d2ff3e75617cffb13 av_one_half  avia-builder-el-8  el_after_av_one_full  el_before_av_one_half  first flex_column_div  column-top-margin'     ><div  class='avia-button-wrap avia-button-center  avia-builder-el-9  avia-builder-el-no-sibling '>\n<style type=\"text\/css\" data-created_by=\"avia_inline_auto\" id=\"style-css-av-ltoi9opb-be0e7f1c3d01ad7174eda9876aa5caa7\">\n#top #wrap_all .avia-button.av-ltoi9opb-be0e7f1c3d01ad7174eda9876aa5caa7:hover{\nbackground-color:#ef8c31;\ncolor:white;\ntransition:all 0.4s ease-in-out;\n}\n#top #wrap_all .avia-button.av-ltoi9opb-be0e7f1c3d01ad7174eda9876aa5caa7:hover .avia-svg-icon svg:first-child{\nfill:white;\nstroke:white;\n}\n<\/style>\n<a href='\/wp-content\/uploads\/2024\/03\/AGB_RR-Fischer_2023__DE.pdf' class='avia-color-theme-color avia-font-color-theme-color avia-button avia-button-fullwidth av-ltoi9opb-be0e7f1c3d01ad7174eda9876aa5caa7 avia-icon_select-yes-left-icon avia-color-theme-color'  target=\"_blank\"  rel=\"noopener noreferrer\"  aria-label=\"AGB\"><span class='avia_button_icon avia_button_icon_left avia-iconfont avia-font-entypo-fontello' data-av_icon='\ue84c' data-av_iconfont='entypo-fontello' ><\/span><span class='avia_iconbox_title' >AGB<\/span><\/a><\/div><\/div><div  class='flex_column av-1xctf9-ee138e20fb271a63cccce1dc31031225 av_one_half  avia-builder-el-10  el_after_av_one_half  avia-builder-el-last  flex_column_div  column-top-margin'     ><div  class='avia-button-wrap avia-button-center  avia-builder-el-11  avia-builder-el-no-sibling '>\n<style type=\"text\/css\" data-created_by=\"avia_inline_auto\" id=\"style-css-av-ltoia67t-b76448e9c751ba40a18347b638e2511c\">\n#top #wrap_all .avia-button.av-ltoia67t-b76448e9c751ba40a18347b638e2511c:hover{\nbackground-color:#ef8c31;\ncolor:white;\ntransition:all 0.4s ease-in-out;\n}\n#top #wrap_all .avia-button.av-ltoia67t-b76448e9c751ba40a18347b638e2511c:hover .avia-svg-icon svg:first-child{\nfill:white;\nstroke:white;\n}\n<\/style>\n<a href='\/wp-content\/uploads\/2024\/03\/EKB_RR-Fischer_2023__DE.pdf' class='avia-color-theme-color avia-font-color-theme-color avia-button avia-button-fullwidth av-ltoia67t-b76448e9c751ba40a18347b638e2511c avia-icon_select-yes-left-icon avia-color-theme-color'   aria-label=\"EKB\"><span class='avia_button_icon avia_button_icon_left avia-iconfont avia-font-entypo-fontello' data-av_icon='\ue84c' data-av_iconfont='entypo-fontello' ><\/span><span class='avia_iconbox_title' >EKB<\/span><\/a><\/div><\/div>\n\n","protected":false},"excerpt":{"rendered":"","protected":false},"author":1,"featured_media":0,"parent":0,"menu_order":6,"comment_status":"closed","ping_status":"closed","template":"","meta":{"footnotes":""},"class_list":["post-2051","page","type-page","status-publish","hentry"],"_links":{"self":[{"href":"https:\/\/rr-fischer.com\/pl\/wp-json\/wp\/v2\/pages\/2051","targetHints":{"allow":["GET"]}}],"collection":[{"href":"https:\/\/rr-fischer.com\/pl\/wp-json\/wp\/v2\/pages"}],"about":[{"href":"https:\/\/rr-fischer.com\/pl\/wp-json\/wp\/v2\/types\/page"}],"author":[{"embeddable":true,"href":"https:\/\/rr-fischer.com\/pl\/wp-json\/wp\/v2\/users\/1"}],"replies":[{"embeddable":true,"href":"https:\/\/rr-fischer.com\/pl\/wp-json\/wp\/v2\/comments?post=2051"}],"version-history":[{"count":0,"href":"https:\/\/rr-fischer.com\/pl\/wp-json\/wp\/v2\/pages\/2051\/revisions"}],"wp:attachment":[{"href":"https:\/\/rr-fischer.com\/pl\/wp-json\/wp\/v2\/media?parent=2051"}],"curies":[{"name":"wp","href":"https:\/\/api.w.org\/{rel}","templated":true}]}}